{"id":12,"date":"2025-12-30T10:12:44","date_gmt":"2025-12-30T10:12:44","guid":{"rendered":"http:\/\/kur-abgelehnt.de\/?page_id=12"},"modified":"2025-12-30T10:12:44","modified_gmt":"2025-12-30T10:12:44","slug":"kurablehnung","status":"publish","type":"page","link":"http:\/\/kur-abgelehnt.de\/?page_id=12","title":{"rendered":"Kurablehnung"},"content":{"rendered":"<p>Ihre Kur wurde abgelehnt? Sie haben die Ma\u00dfnahme selbst beantragt oder \u00fcber die Kurberatung Deutschland? Wir stehen Ihnen als kompetenter Partner zur Seite wenn es um Ihre Kurablehnung geht. Da wir den Eltern m\u00f6glichst viel \u201eRennerei\u201c ersparen m\u00f6chten, sprich den Widerspruch selbst schreiben zu m\u00fcssen und nochmals zum Arzt zu gehen, haben wir eine Kooperation mit einem&nbsp;<strong>Anw\u00e4lten&nbsp;<\/strong>geschlossen.<strong><\/strong><\/p>\n<p>Wir helfen Ihnen im Falle einer Ablehnung im Widerspruchsverfahren \u2013&nbsp;<strong>f\u00fcr Sie kostenfrei<\/strong>&nbsp;\u2013 gemeinsam mit einem unserer Kooperationsanw\u00e4lte<\/p>\n<p>Bitte f\u00fcllen Sie unser Kontaktformular aus oder Nutzen Sie den <a href=\"http:\/\/www.kurberatung-deutschland.de\/shop\/\" data-type=\"link\" data-id=\"http:\/\/www.kurberatung-deutschland.de\/shop\/\">Widerspruchsservice<\/a> auf unserer Hauptsite. <\/p>\n<div class=\"wp-block-contact-form-7-contact-form-selector\">\n<div class=\"wpcf7 no-js\" id=\"wpcf7-f20-o1\" lang=\"de-DE\" dir=\"ltr\" data-wpcf7-id=\"20\">\n<div class=\"screen-reader-response\">\n<p role=\"status\" aria-live=\"polite\" aria-atomic=\"true\">\n<ul><\/ul>\n<\/div>\n<form action=\"\/index.php?rest_route=%2Fwp%2Fv2%2Fpages%2F12#wpcf7-f20-o1\" method=\"post\" class=\"wpcf7-form init\" aria-label=\"Kontaktformular\" enctype=\"multipart\/form-data\" novalidate=\"novalidate\" data-status=\"init\">\n<fieldset class=\"hidden-fields-container\"><input type=\"hidden\" name=\"_wpcf7\" value=\"20\" \/><input type=\"hidden\" name=\"_wpcf7_version\" value=\"6.1.5\" \/><input type=\"hidden\" name=\"_wpcf7_locale\" value=\"de_DE\" \/><input type=\"hidden\" name=\"_wpcf7_unit_tag\" value=\"wpcf7-f20-o1\" \/><input type=\"hidden\" name=\"_wpcf7_container_post\" value=\"0\" \/><input type=\"hidden\" name=\"_wpcf7_posted_data_hash\" value=\"\" \/><input type=\"hidden\" name=\"_wpcf7_recaptcha_response\" value=\"\" \/><br \/>\n<\/fieldset>\n<p><label> Dein Name (Pflichtfeld)<br \/>\n<span class=\"wpcf7-form-control-wrap\" data-name=\"your-name\"><input size=\"40\" maxlength=\"400\" class=\"wpcf7-form-control wpcf7-text wpcf7-validates-as-required\" aria-required=\"true\" aria-invalid=\"false\" value=\"\" type=\"text\" name=\"your-name\" \/><\/span> <\/label>\n<\/p>\n<p><label> Deine E-Mail-Adresse (Pflichtfeld)<br \/>\n<span class=\"wpcf7-form-control-wrap\" data-name=\"your-email\"><input size=\"40\" maxlength=\"400\" class=\"wpcf7-form-control wpcf7-email wpcf7-validates-as-required wpcf7-text wpcf7-validates-as-email\" aria-required=\"true\" aria-invalid=\"false\" value=\"\" type=\"email\" name=\"your-email\" \/><\/span> <\/label>\n<\/p>\n<p><label> Betreff<br \/>\n<span class=\"wpcf7-form-control-wrap\" data-name=\"your-subject\"><input size=\"40\" maxlength=\"400\" class=\"wpcf7-form-control wpcf7-text\" aria-invalid=\"false\" value=\"\" type=\"text\" name=\"your-subject\" \/><\/span> <\/label><br \/>\n<label> Telefon<br \/>\n<span class=\"wpcf7-form-control-wrap\" data-name=\"tel-211\"><input size=\"40\" maxlength=\"400\" class=\"wpcf7-form-control wpcf7-tel wpcf7-text wpcf7-validates-as-tel\" aria-invalid=\"false\" value=\"\" type=\"tel\" name=\"tel-211\" \/><\/span> <\/label>\n<\/p>\n<p><label> Deine Nachricht<br \/>\n<span class=\"wpcf7-form-control-wrap\" data-name=\"your-message\"><textarea cols=\"40\" rows=\"10\" maxlength=\"2000\" class=\"wpcf7-form-control wpcf7-textarea\" aria-invalid=\"false\" name=\"your-message\"><\/textarea><\/span> <\/label><br \/>\n<label> Dateianhang<br \/>\n<span class=\"wpcf7-form-control-wrap\" data-name=\"file-43\"><input size=\"40\" class=\"wpcf7-form-control wpcf7-file\" accept=\"audio\/*,video\/*,image\/*\" aria-invalid=\"false\" type=\"file\" name=\"file-43\" \/><\/span><br \/>\n<\/label>\n<\/p>\n<p><input class=\"wpcf7-form-control wpcf7-submit has-spinner\" type=\"submit\" value=\"Senden\" \/>\n<\/p>\n<p style=\"display: none !important;\" class=\"akismet-fields-container\" data-prefix=\"_wpcf7_ak_\"><label>&#916;<textarea name=\"_wpcf7_ak_hp_textarea\" cols=\"45\" rows=\"8\" maxlength=\"100\"><\/textarea><\/label><input type=\"hidden\" id=\"ak_js_1\" name=\"_wpcf7_ak_js\" value=\"73\"\/><script>document.getElementById( \"ak_js_1\" ).setAttribute( \"value\", ( new Date() ).getTime() );<\/script><\/p>\n<div class=\"wpcf7-response-output\" aria-hidden=\"true\"><\/div>\n<\/form>\n<\/div>\n<\/div>\n","protected":false},"excerpt":{"rendered":"<p>Ihre Kur wurde abgelehnt? Sie haben die Ma\u00dfnahme selbst beantragt oder \u00fcber die Kurberatung Deutschland? Wir stehen Ihnen als kompetenter Partner zur Seite wenn es um Ihre Kurablehnung geht. Da wir den Eltern m\u00f6glichst viel \u201eRennerei\u201c ersparen m\u00f6chten, sprich den Widerspruch selbst schreiben zu m\u00fcssen und nochmals zum Arzt zu gehen, haben wir eine Kooperation [&hellip;]<\/p>\n","protected":false},"author":1,"featured_media":53,"parent":0,"menu_order":0,"comment_status":"closed","ping_status":"closed","template":"","meta":{"footnotes":""},"class_list":["post-12","page","type-page","status-publish","has-post-thumbnail","hentry"],"yoast_head":"<!-- This site is optimized with the Yoast SEO plugin v27.4 - https:\/\/yoast.com\/product\/yoast-seo-wordpress\/ -->\n<title>Kurablehnung - Kur Abgelehnt<\/title>\n<meta name=\"robots\" content=\"index, follow, max-snippet:-1, max-image-preview:large, max-video-preview:-1\" \/>\n<link rel=\"canonical\" href=\"http:\/\/kur-abgelehnt.de\/?page_id=12\" \/>\n<meta property=\"og:locale\" content=\"de_DE\" \/>\n<meta property=\"og:type\" content=\"article\" \/>\n<meta property=\"og:title\" content=\"Kurablehnung - Kur Abgelehnt\" \/>\n<meta property=\"og:description\" content=\"Ihre Kur wurde abgelehnt? Sie haben die Ma\u00dfnahme selbst beantragt oder \u00fcber die Kurberatung Deutschland? Wir stehen Ihnen als kompetenter Partner zur Seite wenn es um Ihre Kurablehnung geht. Da wir den Eltern m\u00f6glichst viel \u201eRennerei\u201c ersparen m\u00f6chten, sprich den Widerspruch selbst schreiben zu m\u00fcssen und nochmals zum Arzt zu gehen, haben wir eine Kooperation [&hellip;]\" \/>\n<meta property=\"og:url\" content=\"http:\/\/kur-abgelehnt.de\/?page_id=12\" \/>\n<meta property=\"og:site_name\" content=\"Kur Abgelehnt\" \/>\n<meta property=\"article:publisher\" content=\"https:\/\/www.facebook.com\/dasgesundheitswerk\/\" \/>\n<meta property=\"og:image\" content=\"http:\/\/kur-abgelehnt.de\/wp-content\/uploads\/2025\/12\/ChatGPT-Image-28.-Dez.-2025-10_27_31-683x1024.png\" \/>\n\t<meta property=\"og:image:width\" content=\"683\" \/>\n\t<meta property=\"og:image:height\" content=\"1024\" \/>\n\t<meta property=\"og:image:type\" content=\"image\/png\" \/>\n<meta name=\"twitter:card\" content=\"summary_large_image\" \/>\n<meta name=\"twitter:label1\" content=\"Gesch\u00e4tzte Lesezeit\" \/>\n\t<meta name=\"twitter:data1\" content=\"1\u00a0Minute\" \/>\n<script type=\"application\/ld+json\" class=\"yoast-schema-graph\">{\"@context\":\"https:\\\/\\\/schema.org\",\"@graph\":[{\"@type\":\"WebPage\",\"@id\":\"http:\\\/\\\/kur-abgelehnt.de\\\/?page_id=12\",\"url\":\"http:\\\/\\\/kur-abgelehnt.de\\\/?page_id=12\",\"name\":\"Kurablehnung - Kur Abgelehnt\",\"isPartOf\":{\"@id\":\"http:\\\/\\\/kur-abgelehnt.de\\\/#website\"},\"primaryImageOfPage\":{\"@id\":\"http:\\\/\\\/kur-abgelehnt.de\\\/?page_id=12#primaryimage\"},\"image\":{\"@id\":\"http:\\\/\\\/kur-abgelehnt.de\\\/?page_id=12#primaryimage\"},\"thumbnailUrl\":\"http:\\\/\\\/kur-abgelehnt.de\\\/wp-content\\\/uploads\\\/2025\\\/12\\\/ChatGPT-Image-28.-Dez.-2025-10_27_31.png\",\"datePublished\":\"2025-12-30T10:12:44+00:00\",\"breadcrumb\":{\"@id\":\"http:\\\/\\\/kur-abgelehnt.de\\\/?page_id=12#breadcrumb\"},\"inLanguage\":\"de\",\"potentialAction\":[{\"@type\":\"ReadAction\",\"target\":[\"http:\\\/\\\/kur-abgelehnt.de\\\/?page_id=12\"]}]},{\"@type\":\"ImageObject\",\"inLanguage\":\"de\",\"@id\":\"http:\\\/\\\/kur-abgelehnt.de\\\/?page_id=12#primaryimage\",\"url\":\"http:\\\/\\\/kur-abgelehnt.de\\\/wp-content\\\/uploads\\\/2025\\\/12\\\/ChatGPT-Image-28.-Dez.-2025-10_27_31.png\",\"contentUrl\":\"http:\\\/\\\/kur-abgelehnt.de\\\/wp-content\\\/uploads\\\/2025\\\/12\\\/ChatGPT-Image-28.-Dez.-2025-10_27_31.png\",\"width\":1024,\"height\":1536},{\"@type\":\"BreadcrumbList\",\"@id\":\"http:\\\/\\\/kur-abgelehnt.de\\\/?page_id=12#breadcrumb\",\"itemListElement\":[{\"@type\":\"ListItem\",\"position\":1,\"name\":\"Start\",\"item\":\"http:\\\/\\\/kur-abgelehnt.de\\\/\"},{\"@type\":\"ListItem\",\"position\":2,\"name\":\"Kurablehnung\"}]},{\"@type\":\"WebSite\",\"@id\":\"http:\\\/\\\/kur-abgelehnt.de\\\/#website\",\"url\":\"http:\\\/\\\/kur-abgelehnt.de\\\/\",\"name\":\"Kur Abgelehnt\",\"description\":\"Wir arbeiten deutschlandweit per Telefon, Mail, Zoom und Teams\",\"publisher\":{\"@id\":\"http:\\\/\\\/kur-abgelehnt.de\\\/#organization\"},\"potentialAction\":[{\"@type\":\"SearchAction\",\"target\":{\"@type\":\"EntryPoint\",\"urlTemplate\":\"http:\\\/\\\/kur-abgelehnt.de\\\/?s={search_term_string}\"},\"query-input\":{\"@type\":\"PropertyValueSpecification\",\"valueRequired\":true,\"valueName\":\"search_term_string\"}}],\"inLanguage\":\"de\"},{\"@type\":\"Organization\",\"@id\":\"http:\\\/\\\/kur-abgelehnt.de\\\/#organization\",\"name\":\"Kur Abgelehnt\",\"url\":\"http:\\\/\\\/kur-abgelehnt.de\\\/\",\"logo\":{\"@type\":\"ImageObject\",\"inLanguage\":\"de\",\"@id\":\"http:\\\/\\\/kur-abgelehnt.de\\\/#\\\/schema\\\/logo\\\/image\\\/\",\"url\":\"http:\\\/\\\/kur-abgelehnt.de\\\/wp-content\\\/uploads\\\/2025\\\/12\\\/LogoSchmetterling.png\",\"contentUrl\":\"http:\\\/\\\/kur-abgelehnt.de\\\/wp-content\\\/uploads\\\/2025\\\/12\\\/LogoSchmetterling.png\",\"width\":500,\"height\":500,\"caption\":\"Kur Abgelehnt\"},\"image\":{\"@id\":\"http:\\\/\\\/kur-abgelehnt.de\\\/#\\\/schema\\\/logo\\\/image\\\/\"},\"sameAs\":[\"https:\\\/\\\/www.facebook.com\\\/dasgesundheitswerk\\\/\"]}]}<\/script>\n<!-- \/ Yoast SEO plugin. -->","yoast_head_json":{"title":"Kurablehnung - Kur Abgelehnt","robots":{"index":"index","follow":"follow","max-snippet":"max-snippet:-1","max-image-preview":"max-image-preview:large","max-video-preview":"max-video-preview:-1"},"canonical":"http:\/\/kur-abgelehnt.de\/?page_id=12","og_locale":"de_DE","og_type":"article","og_title":"Kurablehnung - Kur Abgelehnt","og_description":"Ihre Kur wurde abgelehnt? Sie haben die Ma\u00dfnahme selbst beantragt oder \u00fcber die Kurberatung Deutschland? Wir stehen Ihnen als kompetenter Partner zur Seite wenn es um Ihre Kurablehnung geht. Da wir den Eltern m\u00f6glichst viel \u201eRennerei\u201c ersparen m\u00f6chten, sprich den Widerspruch selbst schreiben zu m\u00fcssen und nochmals zum Arzt zu gehen, haben wir eine Kooperation [&hellip;]","og_url":"http:\/\/kur-abgelehnt.de\/?page_id=12","og_site_name":"Kur Abgelehnt","article_publisher":"https:\/\/www.facebook.com\/dasgesundheitswerk\/","og_image":[{"width":683,"height":1024,"url":"http:\/\/kur-abgelehnt.de\/wp-content\/uploads\/2025\/12\/ChatGPT-Image-28.-Dez.-2025-10_27_31-683x1024.png","type":"image\/png"}],"twitter_card":"summary_large_image","twitter_misc":{"Gesch\u00e4tzte Lesezeit":"1\u00a0Minute"},"schema":{"@context":"https:\/\/schema.org","@graph":[{"@type":"WebPage","@id":"http:\/\/kur-abgelehnt.de\/?page_id=12","url":"http:\/\/kur-abgelehnt.de\/?page_id=12","name":"Kurablehnung - Kur Abgelehnt","isPartOf":{"@id":"http:\/\/kur-abgelehnt.de\/#website"},"primaryImageOfPage":{"@id":"http:\/\/kur-abgelehnt.de\/?page_id=12#primaryimage"},"image":{"@id":"http:\/\/kur-abgelehnt.de\/?page_id=12#primaryimage"},"thumbnailUrl":"http:\/\/kur-abgelehnt.de\/wp-content\/uploads\/2025\/12\/ChatGPT-Image-28.-Dez.-2025-10_27_31.png","datePublished":"2025-12-30T10:12:44+00:00","breadcrumb":{"@id":"http:\/\/kur-abgelehnt.de\/?page_id=12#breadcrumb"},"inLanguage":"de","potentialAction":[{"@type":"ReadAction","target":["http:\/\/kur-abgelehnt.de\/?page_id=12"]}]},{"@type":"ImageObject","inLanguage":"de","@id":"http:\/\/kur-abgelehnt.de\/?page_id=12#primaryimage","url":"http:\/\/kur-abgelehnt.de\/wp-content\/uploads\/2025\/12\/ChatGPT-Image-28.-Dez.-2025-10_27_31.png","contentUrl":"http:\/\/kur-abgelehnt.de\/wp-content\/uploads\/2025\/12\/ChatGPT-Image-28.-Dez.-2025-10_27_31.png","width":1024,"height":1536},{"@type":"BreadcrumbList","@id":"http:\/\/kur-abgelehnt.de\/?page_id=12#breadcrumb","itemListElement":[{"@type":"ListItem","position":1,"name":"Start","item":"http:\/\/kur-abgelehnt.de\/"},{"@type":"ListItem","position":2,"name":"Kurablehnung"}]},{"@type":"WebSite","@id":"http:\/\/kur-abgelehnt.de\/#website","url":"http:\/\/kur-abgelehnt.de\/","name":"Kur Abgelehnt","description":"Wir arbeiten deutschlandweit per Telefon, Mail, Zoom und Teams","publisher":{"@id":"http:\/\/kur-abgelehnt.de\/#organization"},"potentialAction":[{"@type":"SearchAction","target":{"@type":"EntryPoint","urlTemplate":"http:\/\/kur-abgelehnt.de\/?s={search_term_string}"},"query-input":{"@type":"PropertyValueSpecification","valueRequired":true,"valueName":"search_term_string"}}],"inLanguage":"de"},{"@type":"Organization","@id":"http:\/\/kur-abgelehnt.de\/#organization","name":"Kur Abgelehnt","url":"http:\/\/kur-abgelehnt.de\/","logo":{"@type":"ImageObject","inLanguage":"de","@id":"http:\/\/kur-abgelehnt.de\/#\/schema\/logo\/image\/","url":"http:\/\/kur-abgelehnt.de\/wp-content\/uploads\/2025\/12\/LogoSchmetterling.png","contentUrl":"http:\/\/kur-abgelehnt.de\/wp-content\/uploads\/2025\/12\/LogoSchmetterling.png","width":500,"height":500,"caption":"Kur Abgelehnt"},"image":{"@id":"http:\/\/kur-abgelehnt.de\/#\/schema\/logo\/image\/"},"sameAs":["https:\/\/www.facebook.com\/dasgesundheitswerk\/"]}]}},"_links":{"self":[{"href":"http:\/\/kur-abgelehnt.de\/index.php?rest_route=\/wp\/v2\/pages\/12","targetHints":{"allow":["GET"]}}],"collection":[{"href":"http:\/\/kur-abgelehnt.de\/index.php?rest_route=\/wp\/v2\/pages"}],"about":[{"href":"http:\/\/kur-abgelehnt.de\/index.php?rest_route=\/wp\/v2\/types\/page"}],"author":[{"embeddable":true,"href":"http:\/\/kur-abgelehnt.de\/index.php?rest_route=\/wp\/v2\/users\/1"}],"replies":[{"embeddable":true,"href":"http:\/\/kur-abgelehnt.de\/index.php?rest_route=%2Fwp%2Fv2%2Fcomments&post=12"}],"version-history":[{"count":4,"href":"http:\/\/kur-abgelehnt.de\/index.php?rest_route=\/wp\/v2\/pages\/12\/revisions"}],"predecessor-version":[{"id":50,"href":"http:\/\/kur-abgelehnt.de\/index.php?rest_route=\/wp\/v2\/pages\/12\/revisions\/50"}],"wp:featuredmedia":[{"embeddable":true,"href":"http:\/\/kur-abgelehnt.de\/index.php?rest_route=\/wp\/v2\/media\/53"}],"wp:attachment":[{"href":"http:\/\/kur-abgelehnt.de\/index.php?rest_route=%2Fwp%2Fv2%2Fmedia&parent=12"}],"curies":[{"name":"wp","href":"https:\/\/api.w.org\/{rel}","templated":true}]}}